{"id":870,"date":"2018-02-15T18:35:03","date_gmt":"2018-02-15T17:35:03","guid":{"rendered":"http:\/\/www.alcove-lyon.com\/?page_id=870"},"modified":"2018-05-11T18:32:40","modified_gmt":"2018-05-11T16:32:40","slug":"xiaojun-song","status":"publish","type":"page","link":"https:\/\/www.alcove-lyon.com\/en\/xiaojun-song\/","title":{"rendered":"Xiaojun SONG"},"content":{"rendered":"<div class=\"row\">\n<div class=\"col-lg-12\">\n<hr class=\"spacer spacer-40\">\n<p class=\"txt\">Xiaojun est dipl\u00f4m\u00e9e de l&#8217;Ecole des Beaux-Arts du Hubei en 2006 (Wuhan, Chine) et de l&#8217;Ecole Nationale Sup\u00e9rieure d&#8217;Art de Nancy en 2012 (DNSEP). Elle vit et travaille d\u00e9sormais \u00e0 Lyon.<\/p>\n<p>[envira-gallery id=&#8221;1059&#8243;]<\/p>\n<p><strong>Quelques mots de Xiaojun sur son travail :\u00a0<\/strong><\/p>\n<p class=\"txt\">&#8220;Noir et blanc, plein et vide, visible et invisible. Mes travaux s&#8217;attachent \u00e0 une recherche constante sur leurs relations et leurs compositions. L&#8217;emploi de diff\u00e9rents modes et th\u00e8mes de repr\u00e9sentation permet d&#8217;exhiber une large palette d&#8217;\u00e9motions qui peuvent toutes se rapporter \u00e0 la th\u00e9matique du Corps et de la Nature. Selon Laozi, \u201cla Voie est le chemin \u00e0 suivre pour acc\u00e9der \u00e0 la Vertu. En tant qu&#8217;objet, la Voie est absolument vague et ind\u00e9finie, mais dans cette ind\u00e9termination elle poss\u00e8de une forme et une r\u00e9alit\u00e9 certaine\u201d (Tao T\u00f6 King \u00ab Le Livre de la Voie et de la Vertu \u00bb, chap. 21). L&#8217;existant et l&#8217;inexistant cohabitent ainsi en permanence dans mon travail dans une dialectique infinie.&#8221;<\/p>\n\n<p style=\"text-align: center;\"><a href=\"http:\/\/xiaojunsong.net\">xiaojunsong.net<\/a><\/p>\n\n<p>&nbsp;<\/p>\n<p><em><span style=\"color: #a4a4a4;\">English version :<\/span><\/em><\/p>\n<p><em> <span style=\"color: #a4a4a4;\">Xiaojun graduated from the Hubei School of Fine Arts in 2006 (Wuhan, China) and the National School of Art of Nancy in 2012 (DNSEP). She now lives and works in Lyon.<\/span><\/em><\/p>\n<p><strong><em><span style=\"color: #a4a4a4;\">A few words from Xiaojun about her work:<\/span><\/em><\/strong><\/p>\n<p><em><span style=\"color: #a4a4a4;\">&#8216;Black and white, full and empty, visible and invisible. My work focuses on a constant research of their relationship and composition. The use of different modes and themes of representation allows to exhibit a wide range of emotions which can all relate to the theme of the Body and Nature. According to Laozi, &#8216;the Way is the path to follow to accede to Virtue. As an object, the Way is absolutely vague and indefinite, but in this indetermination it possesses a form and a certain reality&#8217; (Tao T\u00f6 King &#8216;The Book of the Way and Virtue&#8217;, chapter 21). Existing and nonexisting thus coexist permanently in my work in an infinite dialectic.&#8217;<\/span><\/em><\/p>\n<\/div>\n<\/div>\n","protected":false},"excerpt":{"rendered":"","protected":false},"author":1,"featured_media":1181,"parent":0,"menu_order":0,"comment_status":"closed","ping_status":"closed","template":"","meta":{"_monsterinsights_skip_tracking":false,"_monsterinsights_sitenote_active":false,"_monsterinsights_sitenote_note":"","_monsterinsights_sitenote_category":0,"footnotes":""},"class_list":["post-870","page","type-page","status-publish","has-post-thumbnail","hentry"],"_links":{"self":[{"href":"https:\/\/www.alcove-lyon.com\/en\/wp-json\/wp\/v2\/pages\/870","targetHints":{"allow":["GET"]}}],"collection":[{"href":"https:\/\/www.alcove-lyon.com\/en\/wp-json\/wp\/v2\/pages"}],"about":[{"href":"https:\/\/www.alcove-lyon.com\/en\/wp-json\/wp\/v2\/types\/page"}],"author":[{"embeddable":true,"href":"https:\/\/www.alcove-lyon.com\/en\/wp-json\/wp\/v2\/users\/1"}],"replies":[{"embeddable":true,"href":"https:\/\/www.alcove-lyon.com\/en\/wp-json\/wp\/v2\/comments?post=870"}],"version-history":[{"count":16,"href":"https:\/\/www.alcove-lyon.com\/en\/wp-json\/wp\/v2\/pages\/870\/revisions"}],"predecessor-version":[{"id":1429,"href":"https:\/\/www.alcove-lyon.com\/en\/wp-json\/wp\/v2\/pages\/870\/revisions\/1429"}],"wp:featuredmedia":[{"embeddable":true,"href":"https:\/\/www.alcove-lyon.com\/en\/wp-json\/wp\/v2\/media\/1181"}],"wp:attachment":[{"href":"https:\/\/www.alcove-lyon.com\/en\/wp-json\/wp\/v2\/media?parent=870"}],"curies":[{"name":"wp","href":"https:\/\/api.w.org\/{rel}","templated":true}]}}