{"id":721,"date":"2017-12-16T16:03:17","date_gmt":"2017-12-16T15:03:17","guid":{"rendered":"http:\/\/www.alcove-lyon.com\/?page_id=721"},"modified":"2025-07-10T18:37:55","modified_gmt":"2025-07-10T16:37:55","slug":"acces","status":"publish","type":"page","link":"https:\/\/www.alcove-lyon.com\/en\/acces\/","title":{"rendered":"ACCES"},"content":{"rendered":"<p><\/p>\n<h4>Would you like to visit the Alcove?<\/h4>\n<p>&nbsp;<\/p>\n<p><strong>Postal address<\/strong><br \/>\n15 rue Ren\u00e9 Leynaud, Lyon 1er, 69001<\/p>\n<p><strong>Metro<\/strong><br \/>\nLine C: Croix-Paquet \/ Line A: H\u00f4tel de ville Louis Pradel<\/p>\n<p><strong>Parking<\/strong><br \/>\nTerreaux and Op\u00e9ra<\/p>\n<p><strong>Velo&#8217;v<\/strong><br \/>\nH\u00f4tel de ville Louis Pradel station<\/p>\n<p><strong>Opening hours to the public:\u00a0<\/strong><\/p>\n<p>Tuesday to Saturday from 3pm to 7pm and Saturday from 1pm to 7pm.<\/p>","protected":false},"excerpt":{"rendered":"<p>Would you like to visit the Alcove? &nbsp; Postal address 15 rue Ren\u00e9 Leynaud, Lyon 1er, 69001 Metro Line C: Croix-Paquet \/ Line A: H\u00f4tel de ville Louis Pradel Parking Terreaux and Op\u00e9ra Velo&#8217;v H\u00f4tel de ville Louis Pradel station Opening hours to the public:\u00a0 Tuesday to Saturday from 3pm to 7pm and Saturday from&hellip;<\/p>\n","protected":false},"author":1,"featured_media":814,"parent":0,"menu_order":0,"comment_status":"closed","ping_status":"closed","template":"","meta":{"_monsterinsights_skip_tracking":false,"_monsterinsights_sitenote_active":false,"_monsterinsights_sitenote_note":"","_monsterinsights_sitenote_category":0,"footnotes":""},"class_list":["post-721","page","type-page","status-publish","has-post-thumbnail","hentry"],"_links":{"self":[{"href":"https:\/\/www.alcove-lyon.com\/en\/wp-json\/wp\/v2\/pages\/721","targetHints":{"allow":["GET"]}}],"collection":[{"href":"https:\/\/www.alcove-lyon.com\/en\/wp-json\/wp\/v2\/pages"}],"about":[{"href":"https:\/\/www.alcove-lyon.com\/en\/wp-json\/wp\/v2\/types\/page"}],"author":[{"embeddable":true,"href":"https:\/\/www.alcove-lyon.com\/en\/wp-json\/wp\/v2\/users\/1"}],"replies":[{"embeddable":true,"href":"https:\/\/www.alcove-lyon.com\/en\/wp-json\/wp\/v2\/comments?post=721"}],"version-history":[{"count":26,"href":"https:\/\/www.alcove-lyon.com\/en\/wp-json\/wp\/v2\/pages\/721\/revisions"}],"predecessor-version":[{"id":6146,"href":"https:\/\/www.alcove-lyon.com\/en\/wp-json\/wp\/v2\/pages\/721\/revisions\/6146"}],"wp:featuredmedia":[{"embeddable":true,"href":"https:\/\/www.alcove-lyon.com\/en\/wp-json\/wp\/v2\/media\/814"}],"wp:attachment":[{"href":"https:\/\/www.alcove-lyon.com\/en\/wp-json\/wp\/v2\/media?parent=721"}],"curies":[{"name":"wp","href":"https:\/\/api.w.org\/{rel}","templated":true}]}}