{"id":2505,"date":"2019-07-28T15:37:01","date_gmt":"2019-07-28T13:37:01","guid":{"rendered":"https:\/\/www.alcove-lyon.com\/?page_id=2505"},"modified":"2022-01-30T14:50:40","modified_gmt":"2022-01-30T13:50:40","slug":"cours-artistiques","status":"publish","type":"page","link":"https:\/\/www.alcove-lyon.com\/en\/cours-artistiques\/","title":{"rendered":"Cours de dessin et de peinture"},"content":{"rendered":"<!-- wp:paragraph -->\r\n<p><!-- wp:paragraph --><\/p>\r\n<p>Des cours de peinture et de dessin vous sont propos\u00e9s par notre artiste r\u00e9sidente STK, peintre-dessinatrice.<\/p>\r\n<p><!-- \/wp:paragraph --><\/p>\r\n<p>&nbsp;<\/p>\r\n<p><!-- wp:paragraph --><\/p>\r\n<p>Ces types de cours sont \u00e0 d\u00e9couvrir dans nos ateliers, 15 rue Ren\u00e9 Leynaud, 69001 durant toute la saison 2021-2022.<\/p>\r\n<p><!-- \/wp:paragraph --><\/p>\r\n<p>&nbsp;<\/p>\r\n<p><!-- wp:paragraph --><\/p>\r\n<p>Il est important de souligner que les cours sont sans limite d&#8217;\u00e2ge. Vous pouvez programmer un cours artistique en individuel mais aussi en groupe, par exemple avec des amis ou des coll\u00e8gues de travail, pour un cadeau d&#8217;anniversaire, c&#8217;est aussi une activit\u00e9 ludique pour les enfants.<\/p>\r\n<p><!-- \/wp:paragraph --><\/p>\r\n<p>&nbsp;<\/p>\r\n<p><!-- wp:paragraph --><\/p>\r\n<p>Contactez directement Sophie Kim Touras pour programmer le cours artistique de vos r\u00eaves ! Vous pouvez \u00e9galement passer par L&#8217;Alc\u00f4ve.<\/p>\r\n<div class=\"wp-block-columns has-2-columns\"><!-- \/wp:paragraph -->\r\n\r\n<!-- wp:column -->\r\n<div class=\"wp-block-column\"><!-- wp:heading {\"level\":4} -->\r\n<h4>STK<\/h4>\r\n<!-- \/wp:heading -->\r\n\r\n<!-- wp:image {\"id\":3010} -->\r\n<figure class=\"wp-block-image\"><img loading=\"lazy\" decoding=\"async\" width=\"1024\" height=\"390\" class=\"wp-image-3010\" src=\"https:\/\/www.alcove-lyon.com\/wp-content\/uploads\/2019\/12\/Capture-d\u2019\u00e9cran-2019-12-20-\u00e0-17.44.54-1024x390.png\" alt=\"\" srcset=\"https:\/\/www.alcove-lyon.com\/wp-content\/uploads\/2019\/12\/Capture-d\u2019\u00e9cran-2019-12-20-\u00e0-17.44.54-1024x390.png 1024w, https:\/\/www.alcove-lyon.com\/wp-content\/uploads\/2019\/12\/Capture-d\u2019\u00e9cran-2019-12-20-\u00e0-17.44.54-300x114.png 300w, https:\/\/www.alcove-lyon.com\/wp-content\/uploads\/2019\/12\/Capture-d\u2019\u00e9cran-2019-12-20-\u00e0-17.44.54-768x292.png 768w, https:\/\/www.alcove-lyon.com\/wp-content\/uploads\/2019\/12\/Capture-d\u2019\u00e9cran-2019-12-20-\u00e0-17.44.54-500x190.png 500w, https:\/\/www.alcove-lyon.com\/wp-content\/uploads\/2019\/12\/Capture-d\u2019\u00e9cran-2019-12-20-\u00e0-17.44.54-1100x419.png 1100w, https:\/\/www.alcove-lyon.com\/wp-content\/uploads\/2019\/12\/Capture-d\u2019\u00e9cran-2019-12-20-\u00e0-17.44.54-1600x609.png 1600w, https:\/\/www.alcove-lyon.com\/wp-content\/uploads\/2019\/12\/Capture-d\u2019\u00e9cran-2019-12-20-\u00e0-17.44.54-600x228.png 600w, https:\/\/www.alcove-lyon.com\/wp-content\/uploads\/2019\/12\/Capture-d\u2019\u00e9cran-2019-12-20-\u00e0-17.44.54.png 1640w\" sizes=\"auto, (max-width: 1024px) 100vw, 1024px\" \/>\r\n<figcaption><a href=\"https:\/\/www.alcove-lyon.com\/cours-de-peinture-et-de-dessin-avec-stk\/\">Cours de peinture et de dessin<\/a><\/figcaption>\r\n<\/figure>\r\n<!-- \/wp:image -->\r\n\r\n<!-- wp:paragraph -->\r\n<p>&nbsp;<\/p>\r\n<!-- \/wp:paragraph --><\/div>\r\n<!-- \/wp:column --><\/div>\r\n<p><!-- \/wp:paragraph --><\/p>\r\n<p>&nbsp;<\/p>\r\n<p><!-- wp:paragraph --><\/p>\r\n<p>Par ailleurs, il est possible qu&#8217;au fil de l&#8217;ann\u00e9e des cours artistiques s&#8217;ajoutent. N&#8217;h\u00e9sitez donc pas \u00e0 consulter r\u00e9guli\u00e8rement cette page, notre <a href=\"https:\/\/www.facebook.com\/galerie.alcove\">page Facebook<\/a> ou \u00e0 vous abonner \u00e0 notre <a href=\"https:\/\/www.alcove-lyon.com\/contact__trashed\/nous-contacter\/\">newsletter<\/a> pour vous tenir inform\u00e9s des nouveaut\u00e9s.<\/p>\r\n<p><!-- \/wp:paragraph --><\/p>\r\n<!-- \/wp:paragraph -->","protected":false},"excerpt":{"rendered":"<p>Des cours de peinture et de dessin vous sont propos\u00e9s par notre artiste r\u00e9sidente STK, peintre-dessinatrice. &nbsp; Ces types de cours sont \u00e0 d\u00e9couvrir dans nos ateliers, 15 rue Ren\u00e9 Leynaud, 69001 durant toute la saison 2021-2022. &nbsp; Il est important de souligner que les cours sont sans limite d&#8217;\u00e2ge. Vous pouvez programmer un cours&hellip;<\/p>\n","protected":false},"author":1,"featured_media":0,"parent":0,"menu_order":0,"comment_status":"closed","ping_status":"closed","template":"","meta":{"_monsterinsights_skip_tracking":false,"_monsterinsights_sitenote_active":false,"_monsterinsights_sitenote_note":"","_monsterinsights_sitenote_category":0,"footnotes":""},"class_list":["post-2505","page","type-page","status-publish","hentry"],"_links":{"self":[{"href":"https:\/\/www.alcove-lyon.com\/en\/wp-json\/wp\/v2\/pages\/2505","targetHints":{"allow":["GET"]}}],"collection":[{"href":"https:\/\/www.alcove-lyon.com\/en\/wp-json\/wp\/v2\/pages"}],"about":[{"href":"https:\/\/www.alcove-lyon.com\/en\/wp-json\/wp\/v2\/types\/page"}],"author":[{"embeddable":true,"href":"https:\/\/www.alcove-lyon.com\/en\/wp-json\/wp\/v2\/users\/1"}],"replies":[{"embeddable":true,"href":"https:\/\/www.alcove-lyon.com\/en\/wp-json\/wp\/v2\/comments?post=2505"}],"version-history":[{"count":17,"href":"https:\/\/www.alcove-lyon.com\/en\/wp-json\/wp\/v2\/pages\/2505\/revisions"}],"predecessor-version":[{"id":4462,"href":"https:\/\/www.alcove-lyon.com\/en\/wp-json\/wp\/v2\/pages\/2505\/revisions\/4462"}],"wp:attachment":[{"href":"https:\/\/www.alcove-lyon.com\/en\/wp-json\/wp\/v2\/media?parent=2505"}],"curies":[{"name":"wp","href":"https:\/\/api.w.org\/{rel}","templated":true}]}}