{"id":2464,"date":"2019-07-27T16:20:36","date_gmt":"2019-07-27T14:20:36","guid":{"rendered":"https:\/\/www.alcove-lyon.com\/?page_id=2464"},"modified":"2020-11-03T15:38:59","modified_gmt":"2020-11-03T14:38:59","slug":"atelier-origami-camille-guillaud","status":"publish","type":"page","link":"https:\/\/www.alcove-lyon.com\/en\/atelier-origami-camille-guillaud\/","title":{"rendered":"Cours Origami"},"content":{"rendered":"\r\n<p>Notre artiste r\u00e9sidente <a href=\"https:\/\/www.alcove-lyon.com\/gallery\/camille-guillaud\/\">Camille Guillaud<\/a> propose plusieurs cours dont celui d&#8217;origami. Ce cours vous plongera droit dans les coutumes japonaises qui est cet art ancestral du pliage. La signification d&#8217;origami en japonais et m\u00eame en chinois est &#8220;Plier du papier&#8221;. En effet, c&#8217;est gr\u00e2ce \u00e0 plusieurs pliage que vous arrivez \u00e0 la forme convoit\u00e9e. Par ailleurs, une multitude de forme est possible que ce soit des animaux, des fleurs ou m\u00eame des insectes.<\/p>\r\n\r\n\r\n\r\n<h4 class=\"wp-block-heading\">Les modalit\u00e9s du cours d&#8217;origami Camille Guillaud<\/h4>\r\n\r\n\r\n\r\n<p>Les cours propos\u00e9s sont accessibles pour les adultes comme pour les enfants. Vous pourrez apprendre l\u2019art du pliage selon les r\u00e8gles et coutumes japonaises. Au cours de ce stage, vous aurez l\u2019occasion de r\u00e9aliser un mobile en origami.<\/p>\r\n\r\n\r\n\r\n<p><strong>Horaires :<\/strong> le jour et les horaires sont \u00e0 d\u00e9terminer en fonction de la demande<\/p>\r\n\r\n\r\n\r\n<p><strong>Tarifs : <\/strong>le tarifs est \u00e0 discuter directement avec l\u2019artiste<\/p>\r\n\r\n\r\n\r\n<p><strong>Conditions :<\/strong>\u00a0Le stage est ouvert aux adultes et enfants \u00e0 partir de 10 ans. Le mat\u00e9riel est fourni. Le stage est limit\u00e9 \u00e0 un groupe de 4 personnes.<\/p>\r\n\r\n\r\n\r\n<p>Vous pouvez \u00e9galement consulter le site internet de Camille Guillaud,<a href=\"http:\/\/camilleguillaud.com\/\" target=\"_blank\" rel=\"noreferrer noopener\">cliquez ici.<\/a><\/p>\r\n\r\n\r\n\r\n<h4 class=\"wp-block-heading\">L&#8217;inscription au cours d&#8217;origami<\/h4>\r\n\r\n\r\n\r\n<p>Pour vous inscrire appelez directement Camille Guillaud au 06 73 77 83 90<\/p>\r\n\r\n\r\n\r\n<ul class=\"wp-block-gallery columns-2 is-cropped wp-block-gallery-1 is-layout-flex wp-block-gallery-is-layout-flex\">\r\n<li class=\"blocks-gallery-item\">\r\n<figure><img loading=\"lazy\" decoding=\"async\" width=\"719\" height=\"1024\" class=\"wp-image-1124\" src=\"https:\/\/www.alcove-lyon.com\/wp-content\/uploads\/2018\/02\/origami-719x1024.jpg\" alt=\"origami Camille Guillaud\" data-id=\"1124\" data-link=\"https:\/\/www.alcove-lyon.com\/?attachment_id=1124\" srcset=\"https:\/\/www.alcove-lyon.com\/wp-content\/uploads\/2018\/02\/origami-719x1024.jpg 719w, https:\/\/www.alcove-lyon.com\/wp-content\/uploads\/2018\/02\/origami-600x855.jpg 600w, https:\/\/www.alcove-lyon.com\/wp-content\/uploads\/2018\/02\/origami-211x300.jpg 211w, https:\/\/www.alcove-lyon.com\/wp-content\/uploads\/2018\/02\/origami-768x1094.jpg 768w, https:\/\/www.alcove-lyon.com\/wp-content\/uploads\/2018\/02\/origami-500x712.jpg 500w, https:\/\/www.alcove-lyon.com\/wp-content\/uploads\/2018\/02\/origami-1600x2279.jpg 1600w, https:\/\/www.alcove-lyon.com\/wp-content\/uploads\/2018\/02\/origami-1200x1709.jpg 1200w, https:\/\/www.alcove-lyon.com\/wp-content\/uploads\/2018\/02\/origami-800x1139.jpg 800w, https:\/\/www.alcove-lyon.com\/wp-content\/uploads\/2018\/02\/origami-640x912.jpg 640w, https:\/\/www.alcove-lyon.com\/wp-content\/uploads\/2018\/02\/origami-480x684.jpg 480w, https:\/\/www.alcove-lyon.com\/wp-content\/uploads\/2018\/02\/origami-128x182.jpg 128w\" sizes=\"auto, (max-width: 719px) 100vw, 719px\" \/><\/figure>\r\n<\/li>\r\n<li class=\"blocks-gallery-item\">\r\n<figure><img loading=\"lazy\" decoding=\"async\" width=\"768\" height=\"1024\" class=\"wp-image-1146\" src=\"https:\/\/www.alcove-lyon.com\/wp-content\/uploads\/2018\/02\/origami-art-768x1024.jpg\" alt=\"origami Camille Guillaud\" data-id=\"1146\" data-link=\"https:\/\/www.alcove-lyon.com\/?attachment_id=1146\" srcset=\"https:\/\/www.alcove-lyon.com\/wp-content\/uploads\/2018\/02\/origami-art-768x1024.jpg 768w, https:\/\/www.alcove-lyon.com\/wp-content\/uploads\/2018\/02\/origami-art-600x800.jpg 600w, https:\/\/www.alcove-lyon.com\/wp-content\/uploads\/2018\/02\/origami-art-225x300.jpg 225w, https:\/\/www.alcove-lyon.com\/wp-content\/uploads\/2018\/02\/origami-art-500x667.jpg 500w, https:\/\/www.alcove-lyon.com\/wp-content\/uploads\/2018\/02\/origami-art-1600x2133.jpg 1600w, https:\/\/www.alcove-lyon.com\/wp-content\/uploads\/2018\/02\/origami-art-1200x1600.jpg 1200w, https:\/\/www.alcove-lyon.com\/wp-content\/uploads\/2018\/02\/origami-art-800x1067.jpg 800w, https:\/\/www.alcove-lyon.com\/wp-content\/uploads\/2018\/02\/origami-art-640x853.jpg 640w, https:\/\/www.alcove-lyon.com\/wp-content\/uploads\/2018\/02\/origami-art-480x640.jpg 480w, https:\/\/www.alcove-lyon.com\/wp-content\/uploads\/2018\/02\/origami-art-128x171.jpg 128w\" sizes=\"auto, (max-width: 768px) 100vw, 768px\" \/><\/figure>\r\n<\/li>\r\n<\/ul>\r\n\r\n\r\n\r\n<h4 class=\"wp-block-heading\">Une oeuvre flottante<\/h4>\r\n\r\n\r\n\r\n<p>&nbsp;<\/p>\r\n\r\n\r\n\r\n<figure class=\"wp-block-image\"><img loading=\"lazy\" decoding=\"async\" width=\"640\" height=\"480\" class=\"wp-image-2471\" src=\"https:\/\/www.alcove-lyon.com\/wp-content\/uploads\/2019\/07\/l_alcove_atelier_leynaud_de_creation-640x480.jpeg\" alt=\"\" srcset=\"https:\/\/www.alcove-lyon.com\/wp-content\/uploads\/2019\/07\/l_alcove_atelier_leynaud_de_creation-640x480.jpeg 640w, https:\/\/www.alcove-lyon.com\/wp-content\/uploads\/2019\/07\/l_alcove_atelier_leynaud_de_creation-640x480-300x225.jpeg 300w, https:\/\/www.alcove-lyon.com\/wp-content\/uploads\/2019\/07\/l_alcove_atelier_leynaud_de_creation-640x480-500x375.jpeg 500w, https:\/\/www.alcove-lyon.com\/wp-content\/uploads\/2019\/07\/l_alcove_atelier_leynaud_de_creation-640x480-600x450.jpeg 600w\" sizes=\"auto, (max-width: 640px) 100vw, 640px\" \/><\/figure>\r\n\r\n\r\n\r\n<p>Dans le cadre de la Biennale d&#8217;Art contemporain \u00e0 Lyon en 2017 sous le th\u00e8me &#8220;Les mondes flottants&#8221; Camille Guillaud eut pour projet une oeuvre constitu\u00e9e d&#8217;origamis. En effet, &#8221; Des aires de mer&#8221; est compos\u00e9e de 130 grues dont la blanche domine toutes les autres.<\/p>\r\n\r\n\r\n\r\n<p>Les petites grues forment des poissons flottants. Ils refl\u00e8tent &#8220;notre soci\u00e9t\u00e9 o\u00f9 les individus une fois regroup\u00e9s, deviennent une nouvelle entit\u00e9.&#8221;<\/p>\r\n","protected":false},"excerpt":{"rendered":"<p>Notre artiste r\u00e9sidente Camille Guillaud propose plusieurs cours dont celui d&#8217;origami. Ce cours vous plongera droit dans les coutumes japonaises qui est cet art ancestral du pliage. La signification d&#8217;origami en japonais et m\u00eame en chinois est &#8220;Plier du papier&#8221;. En effet, c&#8217;est gr\u00e2ce \u00e0 plusieurs pliage que vous arrivez \u00e0 la forme convoit\u00e9e. Par&hellip;<\/p>\n","protected":false},"author":1,"featured_media":0,"parent":0,"menu_order":0,"comment_status":"closed","ping_status":"closed","template":"page-templates\/page-fullwidth.php","meta":{"_monsterinsights_skip_tracking":false,"_monsterinsights_sitenote_active":false,"_monsterinsights_sitenote_note":"","_monsterinsights_sitenote_category":0,"footnotes":""},"class_list":["post-2464","page","type-page","status-publish","hentry"],"_links":{"self":[{"href":"https:\/\/www.alcove-lyon.com\/en\/wp-json\/wp\/v2\/pages\/2464","targetHints":{"allow":["GET"]}}],"collection":[{"href":"https:\/\/www.alcove-lyon.com\/en\/wp-json\/wp\/v2\/pages"}],"about":[{"href":"https:\/\/www.alcove-lyon.com\/en\/wp-json\/wp\/v2\/types\/page"}],"author":[{"embeddable":true,"href":"https:\/\/www.alcove-lyon.com\/en\/wp-json\/wp\/v2\/users\/1"}],"replies":[{"embeddable":true,"href":"https:\/\/www.alcove-lyon.com\/en\/wp-json\/wp\/v2\/comments?post=2464"}],"version-history":[{"count":4,"href":"https:\/\/www.alcove-lyon.com\/en\/wp-json\/wp\/v2\/pages\/2464\/revisions"}],"predecessor-version":[{"id":3910,"href":"https:\/\/www.alcove-lyon.com\/en\/wp-json\/wp\/v2\/pages\/2464\/revisions\/3910"}],"wp:attachment":[{"href":"https:\/\/www.alcove-lyon.com\/en\/wp-json\/wp\/v2\/media?parent=2464"}],"curies":[{"name":"wp","href":"https:\/\/api.w.org\/{rel}","templated":true}]}}