{"id":2223,"date":"2019-06-14T16:04:05","date_gmt":"2019-06-14T14:04:05","guid":{"rendered":"http:\/\/www.alcove-lyon.com\/?page_id=2223"},"modified":"2019-07-12T15:26:14","modified_gmt":"2019-07-12T13:26:14","slug":"kraftwork-tang-etus","status":"publish","type":"page","link":"https:\/\/www.alcove-lyon.com\/en\/kraftwork-tang-etus\/","title":{"rendered":"KRAFTWORK"},"content":{"rendered":"\n<h3 class=\"wp-block-heading\">Cr\u00e9ation graphique \u00e0 4 mains<\/h3>\n\n\n\n<p>Kraftwork est un concept original propos\u00e9 par <a href=\"http:\/\/www.alcove-lyon.com\/gallery\/tang\/\">Tang <\/a>et <a href=\"http:\/\/www.alcove-lyon.com\/gallery\/etus\/\">Etus<\/a>, deux artistes r\u00e9sidents de la galerie\/ Atelier l\u2019Alcove \u00e0 Lyon. Ils mettent en avant leur univers et leurs techniques dans une cr\u00e9ation graphique \u00e0 quatre mains. Tang et Etus ont imagin\u00e9 KRAFTWORK en deux temps.<\/p>\n\n\n\n<h4 class=\"wp-block-heading\">1 : LA CR\u00c9ATION<\/h4>\n\n\n\n<p>La cr\u00e9ation est la premi\u00e8re \u00e9tape de ce concept. Les deux\nartistes choisissent un th\u00e8me afin d\u2019avoir une ligne directrice pour la fresque.\nCe papier permet un rendu et une possibilit\u00e9 infinie. Cela permet \u00e9galement de\nlaisser libre court \u00e0 leur imagination et aux d\u00e9tails qu\u2019ils pourraient faire\nappara\u00eetre dans leur univers graphique. Ils utilisent diff\u00e9rents mat\u00e9riaux tels\nque le posca, la bombe et la peinture\u2026 La plus-value du KRAFTWORK est la\npossibilit\u00e9 de montrer l\u2019\u00e9volution de la fresque en direct par les deux\nartistes simultan\u00e9ment. <\/p>\n\n\n\n<p>Ils cr\u00e9ent un univers, un monde narratif aux milles d\u00e9tails. Ce travail d\u2019une grande richesse de d\u00e9cor leur demande plusieurs jours de r\u00e9alisation. Tang et Etus peuvent r\u00e9aliser la fresque dans leur atelier ou directement sur un lieu d\u2019exposition. <\/p>\n\n\n\n<h4 class=\"wp-block-heading\">2 : L\u2019EXPOSITION \/ LA D\u00c9COUPE<\/h4>\n\n\n\n<p>La fresque est expos\u00e9e directement au public pendant l\u2019\u00e9tape\nde la cr\u00e9ation. Les artistes proposent diff\u00e9rentes fen\u00eatres aux dimensions\nvariables. Le public peut ainsi survoler le paysage de kraft et isoler\nvisuellement des zones. Ils pourront choisir en toute libert\u00e9 le morceau avec\nle d\u00e9tail qu\u2019ils pr\u00e9f\u00e8rent. &nbsp;Le fragment\npr\u00e9-choisi est achet\u00e9 puis remis au propri\u00e9taire apr\u00e8s la d\u00e9coupe.<\/p>\n\n\n\n<p>Chacun peut ainsi devenir acteur de la fresque gr\u00e2ce au morceau d&#8217;\u0153uvre qu&#8217;il emporte chez eux. Propos\u00e9 \u00e0 des prix abordables les extraits de Kraft sont enroul\u00e9s dans des sections de bambou, id\u00e9al et \u00e9cologique pour l &#8217;emballage et le transport.<\/p>\n\n\n\n<h4 class=\"wp-block-heading\">Quelques mots de Tang<\/h4>\n\n\n\n<blockquote class=\"wp-block-quote is-layout-flow wp-block-quote-is-layout-flow\"><p>\u00ab Nous sommes deux peintres plasticiens qui partageons le m\u00eame espace de travail au sein des ateliers de la galerie L\u2019Alcove. Nous proposons une collaboration graphique que nous nommons Kraftwork. Depuis 6 mois nous avons m\u00eal\u00e9 nos univers cr\u00e9atifs afin de r\u00e9aliser sur papier kraft \u00e0 l\u2019acrylique, encres et Posca, des fresques transportables. \u00bb &#8211; Tang<\/p><p><\/p><\/blockquote>\n\n\n\n<p>Si vous souhaitez les deux artistes peuvent cr\u00e9er pour un de vos \u00e9v\u00e9nements une fresque \u00e0 quatre mains. N&#8217;h\u00e9sitez pas \u00e0 <a href=\"https:\/\/www.alcove-lyon.com\/contact\/nous-contacter\/\">nous contacter<\/a> pour avoir plus de renseignements.<\/p>\n\n\n\n<ul class=\"wp-block-gallery columns-3 is-cropped wp-block-gallery-1 is-layout-flex wp-block-gallery-is-layout-flex\"><li class=\"blocks-gallery-item\"><figure><img loading=\"lazy\" decoding=\"async\" width=\"1024\" height=\"683\" src=\"http:\/\/www.alcove-lyon.com\/wp-content\/uploads\/2019\/06\/Photo-31-05-2019-19-01-29-1024x683.jpg\" alt=\"\" data-id=\"2226\" data-link=\"http:\/\/www.alcove-lyon.com\/?attachment_id=2226\" class=\"wp-image-2226\" srcset=\"https:\/\/www.alcove-lyon.com\/wp-content\/uploads\/2019\/06\/Photo-31-05-2019-19-01-29-1024x683.jpg 1024w, https:\/\/www.alcove-lyon.com\/wp-content\/uploads\/2019\/06\/Photo-31-05-2019-19-01-29-300x200.jpg 300w, https:\/\/www.alcove-lyon.com\/wp-content\/uploads\/2019\/06\/Photo-31-05-2019-19-01-29-768x512.jpg 768w, https:\/\/www.alcove-lyon.com\/wp-content\/uploads\/2019\/06\/Photo-31-05-2019-19-01-29-500x333.jpg 500w, https:\/\/www.alcove-lyon.com\/wp-content\/uploads\/2019\/06\/Photo-31-05-2019-19-01-29-1100x733.jpg 1100w, https:\/\/www.alcove-lyon.com\/wp-content\/uploads\/2019\/06\/Photo-31-05-2019-19-01-29-1600x1067.jpg 1600w, https:\/\/www.alcove-lyon.com\/wp-content\/uploads\/2019\/06\/Photo-31-05-2019-19-01-29-600x400.jpg 600w, https:\/\/www.alcove-lyon.com\/wp-content\/uploads\/2019\/06\/Photo-31-05-2019-19-01-29.jpg 1620w\" sizes=\"auto, (max-width: 1024px) 100vw, 1024px\" \/><\/figure><\/li><li class=\"blocks-gallery-item\"><figure><img loading=\"lazy\" decoding=\"async\" width=\"1024\" height=\"683\" src=\"http:\/\/www.alcove-lyon.com\/wp-content\/uploads\/2019\/06\/Photo-31-05-2019-19-07-08-1-1024x683.jpg\" alt=\"\" data-id=\"2227\" data-link=\"http:\/\/www.alcove-lyon.com\/?attachment_id=2227\" class=\"wp-image-2227\" srcset=\"https:\/\/www.alcove-lyon.com\/wp-content\/uploads\/2019\/06\/Photo-31-05-2019-19-07-08-1-1024x683.jpg 1024w, https:\/\/www.alcove-lyon.com\/wp-content\/uploads\/2019\/06\/Photo-31-05-2019-19-07-08-1-300x200.jpg 300w, https:\/\/www.alcove-lyon.com\/wp-content\/uploads\/2019\/06\/Photo-31-05-2019-19-07-08-1-768x512.jpg 768w, https:\/\/www.alcove-lyon.com\/wp-content\/uploads\/2019\/06\/Photo-31-05-2019-19-07-08-1-500x333.jpg 500w, https:\/\/www.alcove-lyon.com\/wp-content\/uploads\/2019\/06\/Photo-31-05-2019-19-07-08-1-1100x733.jpg 1100w, https:\/\/www.alcove-lyon.com\/wp-content\/uploads\/2019\/06\/Photo-31-05-2019-19-07-08-1-1600x1067.jpg 1600w, https:\/\/www.alcove-lyon.com\/wp-content\/uploads\/2019\/06\/Photo-31-05-2019-19-07-08-1-600x400.jpg 600w, https:\/\/www.alcove-lyon.com\/wp-content\/uploads\/2019\/06\/Photo-31-05-2019-19-07-08-1.jpg 1620w\" sizes=\"auto, (max-width: 1024px) 100vw, 1024px\" \/><\/figure><\/li><li class=\"blocks-gallery-item\"><figure><img loading=\"lazy\" decoding=\"async\" width=\"1024\" height=\"683\" src=\"http:\/\/www.alcove-lyon.com\/wp-content\/uploads\/2019\/06\/Photo-31-05-2019-19-07-49-1024x683.jpg\" alt=\"\" data-id=\"2228\" data-link=\"http:\/\/www.alcove-lyon.com\/?attachment_id=2228\" class=\"wp-image-2228\" srcset=\"https:\/\/www.alcove-lyon.com\/wp-content\/uploads\/2019\/06\/Photo-31-05-2019-19-07-49-1024x683.jpg 1024w, https:\/\/www.alcove-lyon.com\/wp-content\/uploads\/2019\/06\/Photo-31-05-2019-19-07-49-300x200.jpg 300w, https:\/\/www.alcove-lyon.com\/wp-content\/uploads\/2019\/06\/Photo-31-05-2019-19-07-49-768x512.jpg 768w, https:\/\/www.alcove-lyon.com\/wp-content\/uploads\/2019\/06\/Photo-31-05-2019-19-07-49-500x333.jpg 500w, https:\/\/www.alcove-lyon.com\/wp-content\/uploads\/2019\/06\/Photo-31-05-2019-19-07-49-1100x733.jpg 1100w, https:\/\/www.alcove-lyon.com\/wp-content\/uploads\/2019\/06\/Photo-31-05-2019-19-07-49-1600x1067.jpg 1600w, https:\/\/www.alcove-lyon.com\/wp-content\/uploads\/2019\/06\/Photo-31-05-2019-19-07-49-600x400.jpg 600w, https:\/\/www.alcove-lyon.com\/wp-content\/uploads\/2019\/06\/Photo-31-05-2019-19-07-49.jpg 1620w\" sizes=\"auto, (max-width: 1024px) 100vw, 1024px\" \/><\/figure><\/li><li class=\"blocks-gallery-item\"><figure><img loading=\"lazy\" decoding=\"async\" width=\"1024\" height=\"683\" src=\"http:\/\/www.alcove-lyon.com\/wp-content\/uploads\/2019\/06\/Photo-31-05-2019-19-08-30-1024x683.jpg\" alt=\"\" data-id=\"2229\" data-link=\"http:\/\/www.alcove-lyon.com\/?attachment_id=2229\" class=\"wp-image-2229\" srcset=\"https:\/\/www.alcove-lyon.com\/wp-content\/uploads\/2019\/06\/Photo-31-05-2019-19-08-30-1024x683.jpg 1024w, https:\/\/www.alcove-lyon.com\/wp-content\/uploads\/2019\/06\/Photo-31-05-2019-19-08-30-300x200.jpg 300w, https:\/\/www.alcove-lyon.com\/wp-content\/uploads\/2019\/06\/Photo-31-05-2019-19-08-30-768x512.jpg 768w, https:\/\/www.alcove-lyon.com\/wp-content\/uploads\/2019\/06\/Photo-31-05-2019-19-08-30-500x333.jpg 500w, https:\/\/www.alcove-lyon.com\/wp-content\/uploads\/2019\/06\/Photo-31-05-2019-19-08-30-1100x733.jpg 1100w, https:\/\/www.alcove-lyon.com\/wp-content\/uploads\/2019\/06\/Photo-31-05-2019-19-08-30-1600x1067.jpg 1600w, https:\/\/www.alcove-lyon.com\/wp-content\/uploads\/2019\/06\/Photo-31-05-2019-19-08-30-600x400.jpg 600w, https:\/\/www.alcove-lyon.com\/wp-content\/uploads\/2019\/06\/Photo-31-05-2019-19-08-30.jpg 1620w\" sizes=\"auto, (max-width: 1024px) 100vw, 1024px\" \/><\/figure><\/li><\/ul>\n\n\n\n<p><em>Pour en savoir plus<\/em><\/p>\n\n\n\n<p>Facebook : <a href=\"https:\/\/www.facebook.com\/TANGWORKS-223774057763276\/?__tn__=kCH-R&amp;eid=ARBy-DYKX3hl-4qR4tC9YuccMYxc6soXddkSVu7pdf5JoelwC33YxPPJSJylvCugZHnwU-He1jIyuO6m&amp;hc_ref=ARRQiEvOC3ipmPdo-9YM9bqiCfuCmdBf8zh8UUKwoWFUJ3YbomydbyLL7EcXazNzQwc&amp;fref=nf&amp;__xts__[0]=68.ARAKaiPoauBwqJmjGxDDCf5oOU5nt9ikDNGRaoCeTBFlm4IOu2a-_89dbHa4kkpu30tLvVoGIiZYsGqQon5qWLS6VH6STOqemB0v3jbdudqYcG0XCrGOdXTzUtju26RWYL_zB51fd455h3DPblfQUWqYlW9rntV8I4psE45BK9h-_f_eAuLO2GUQ8M-J3Y3W74SttaoJUNn95COEISS6xPUEQD067pps9HE3mXTl9mQNixcGLIQWKaOA3h0rm5PhHFZA-ADB30VYyRBQFAwC_Xb8jBB9PDhmM6W8JEZ_i6edcHjmiD0tkkjbPtQq80GEPY4g92LwSLEveGhJKQM2neCqG4l2DVmeXa3nswEfiZ0l95enMbTOZGlz-bd9WQ-QAiJ9aCGtFsPqHsufhbZDwcCDpsNLWLvh1grlGTJbS8mY8L-jIkiH4FC_TrW4KoZee5CZJruDs1_yTPNy8IQbJOn-Qecbe-Us1fMfB59VvaDMsZZ-wXjVN8ar\">Tang<\/a> &amp; <a href=\"https:\/\/www.facebook.com\/etusart\/\">Etus<\/a><\/p>\n\n\n\n<p>Instagram : <a href=\"https:\/\/www.instagram.com\/kraftwork.art\/\">Kraftwork <\/a><\/p>\n","protected":false},"excerpt":{"rendered":"<p>Cr\u00e9ation graphique \u00e0 4 mains Kraftwork est un concept original propos\u00e9 par Tang et Etus, deux artistes r\u00e9sidents de la galerie\/ Atelier l\u2019Alcove \u00e0 Lyon. Ils mettent en avant leur univers et leurs techniques dans une cr\u00e9ation graphique \u00e0 quatre mains. Tang et Etus ont imagin\u00e9 KRAFTWORK en deux temps. 1 : LA CR\u00c9ATION La&hellip;<\/p>\n","protected":false},"author":1,"featured_media":0,"parent":0,"menu_order":0,"comment_status":"closed","ping_status":"closed","template":"","meta":{"_monsterinsights_skip_tracking":false,"_monsterinsights_sitenote_active":false,"_monsterinsights_sitenote_note":"","_monsterinsights_sitenote_category":0,"footnotes":""},"class_list":["post-2223","page","type-page","status-publish","hentry"],"_links":{"self":[{"href":"https:\/\/www.alcove-lyon.com\/en\/wp-json\/wp\/v2\/pages\/2223","targetHints":{"allow":["GET"]}}],"collection":[{"href":"https:\/\/www.alcove-lyon.com\/en\/wp-json\/wp\/v2\/pages"}],"about":[{"href":"https:\/\/www.alcove-lyon.com\/en\/wp-json\/wp\/v2\/types\/page"}],"author":[{"embeddable":true,"href":"https:\/\/www.alcove-lyon.com\/en\/wp-json\/wp\/v2\/users\/1"}],"replies":[{"embeddable":true,"href":"https:\/\/www.alcove-lyon.com\/en\/wp-json\/wp\/v2\/comments?post=2223"}],"version-history":[{"count":5,"href":"https:\/\/www.alcove-lyon.com\/en\/wp-json\/wp\/v2\/pages\/2223\/revisions"}],"predecessor-version":[{"id":2389,"href":"https:\/\/www.alcove-lyon.com\/en\/wp-json\/wp\/v2\/pages\/2223\/revisions\/2389"}],"wp:attachment":[{"href":"https:\/\/www.alcove-lyon.com\/en\/wp-json\/wp\/v2\/media?parent=2223"}],"curies":[{"name":"wp","href":"https:\/\/api.w.org\/{rel}","templated":true}]}}