{"id":2067,"date":"2019-05-15T17:18:36","date_gmt":"2019-05-15T15:18:36","guid":{"rendered":"http:\/\/www.alcove-lyon.com\/?page_id=2067"},"modified":"2019-07-13T18:02:33","modified_gmt":"2019-07-13T16:02:33","slug":"concours-photo-2018","status":"publish","type":"page","link":"https:\/\/www.alcove-lyon.com\/en\/concours-photo-2018\/","title":{"rendered":"CONCOURS PHOTO 2018"},"content":{"rendered":"\n<figure class=\"wp-block-image\"><img loading=\"lazy\" decoding=\"async\" width=\"550\" height=\"550\" src=\"http:\/\/www.alcove-lyon.com\/wp-content\/uploads\/2019\/05\/Concours-Photo-1\u00e8re-\u00e9dition-2018-2.jpg\" alt=\"\" class=\"wp-image-2064\" srcset=\"https:\/\/www.alcove-lyon.com\/wp-content\/uploads\/2019\/05\/Concours-Photo-1\u00e8re-\u00e9dition-2018-2.jpg 550w, https:\/\/www.alcove-lyon.com\/wp-content\/uploads\/2019\/05\/Concours-Photo-1\u00e8re-\u00e9dition-2018-2-150x150.jpg 150w, https:\/\/www.alcove-lyon.com\/wp-content\/uploads\/2019\/05\/Concours-Photo-1\u00e8re-\u00e9dition-2018-2-300x300.jpg 300w, https:\/\/www.alcove-lyon.com\/wp-content\/uploads\/2019\/05\/Concours-Photo-1\u00e8re-\u00e9dition-2018-2-500x500.jpg 500w, https:\/\/www.alcove-lyon.com\/wp-content\/uploads\/2019\/05\/Concours-Photo-1\u00e8re-\u00e9dition-2018-2-100x100.jpg 100w\" sizes=\"auto, (max-width: 550px) 100vw, 550px\" \/><\/figure>\n\n\n\n<h4 class=\"wp-block-heading\" id=\"mce_0\">Un concours photo, une exposition \u00e0 la cl\u00e9<\/h4>\n\n\n\n<p>Pour cette premi\u00e8re \u00e9dition la galerie\/ateliers l&#8217;Alc\u00f4ve organise un concours photo 2018 \u00e0 Lyon. Le th\u00e8me imagin\u00e9 de cette ann\u00e9e est &#8221; Ville Lumi\u00e8re &#8220;. <\/p>\n\n\n\n<p>Venez exprimer votre art \u00e0 travers vos photographies artistiques afin de gagner une exposition de 10 jours dans la Galerie L&#8217;Alc\u00f4ve. Nous voulons donner de la visibilit\u00e9 \u00e0 des photographes amateurs et\/ou professionnels mais surtout des passionn\u00e9s des arts visuels.<\/p>\n\n\n\n<p>Par ailleurs, les candidatures pour ce concours photo 2018-2019 se font entre <strong>janvier et f\u00e9vrier<\/strong>. <\/p>\n\n\n\n<h4 class=\"wp-block-heading\">Les formalit\u00e9s de candidature<\/h4>\n\n\n\n<p>Chaque dossier de candidature doit \u00eatre envoy\u00e9 \u00e0 <strong>contact@alcove-lyon.com<\/strong> avec les informations suivantes :<\/p>\n\n\n\n<p>\u2013 Le nom et pr\u00e9nom, ainsi que l\u2019adresse postale et le num\u00e9ro de t\u00e9l\u00e9phone du participant.<br>\u2013 Une s\u00e9lection de 1 \u00e0 5 photos sous format JPG ou PNG.<br>\u2013 Un court texte de 5 \u00e0 10 lignes pr\u00e9sentant sa d\u00e9marche artistique et photographique (format, mat\u00e9riel photographique utilis\u00e9 et toutes les informations pertinentes qui nous permettront de comprendre au mieux sa d\u00e9marche artistique.) Le participant devra aussi expliquer pourquoi sa photo ou s\u00e9rie de photos r\u00e9pond au th\u00e8me impos\u00e9.<br>\u2013 Un portoflio\/site internet\/page facebook\/compte instagram nous donnant un aper\u00e7u global de son travail.<\/p>\n\n\n\n<p>Ci-dessous, le r\u00e8glement complet du concours photo 2019 est disponible en t\u00e9l\u00e9chargement:<\/p>\n\n\n<p style=\"text-align: center;\"><a href=\"http:\/\/www.alcove-lyon.com\/wp-content\/uploads\/2019\/01\/R%C3%A9glement-concours-%C3%A9dition-2018-20191.pdf\" target=\"_blank\" rel=\"noopener noreferrer\">R\u00e9glement concours \u00e9dition 2018-2019<\/a><\/p>\n\n\n<ul class=\"wp-block-gallery columns-3 is-cropped wp-block-gallery-1 is-layout-flex wp-block-gallery-is-layout-flex\"><li class=\"blocks-gallery-item\"><figure><img loading=\"lazy\" decoding=\"async\" width=\"785\" height=\"1024\" src=\"http:\/\/www.alcove-lyon.com\/wp-content\/uploads\/2018\/03\/bastien-guilbert-ville-lumiere-1-785x1024.jpg\" alt=\"galerie-art-lyon\" data-id=\"1254\" data-link=\"http:\/\/www.alcove-lyon.com\/portfolio\/bastien-guilbert\/bastien-guilbert-ville-lumiere-2\/\" class=\"wp-image-1254\" srcset=\"https:\/\/www.alcove-lyon.com\/wp-content\/uploads\/2018\/03\/bastien-guilbert-ville-lumiere-1-785x1024.jpg 785w, https:\/\/www.alcove-lyon.com\/wp-content\/uploads\/2018\/03\/bastien-guilbert-ville-lumiere-1-230x300.jpg 230w, https:\/\/www.alcove-lyon.com\/wp-content\/uploads\/2018\/03\/bastien-guilbert-ville-lumiere-1-768x1002.jpg 768w, https:\/\/www.alcove-lyon.com\/wp-content\/uploads\/2018\/03\/bastien-guilbert-ville-lumiere-1-300x392.jpg 300w, https:\/\/www.alcove-lyon.com\/wp-content\/uploads\/2018\/03\/bastien-guilbert-ville-lumiere-1.jpg 1000w\" sizes=\"auto, (max-width: 785px) 100vw, 785px\" \/><figcaption> <br><a href=\"http:\/\/www.alcove-lyon.com\/portfolio\/bastien-guilbert\/\">Bastien GUILBERT<\/a> <\/figcaption><\/figure><\/li><li class=\"blocks-gallery-item\"><figure><img loading=\"lazy\" decoding=\"async\" width=\"1024\" height=\"688\" src=\"http:\/\/www.alcove-lyon.com\/wp-content\/uploads\/2018\/03\/chloe-triaire-alcove-1024x688.jpg\" alt=\"\" data-id=\"1207\" data-link=\"http:\/\/www.alcove-lyon.com\/?attachment_id=1207\" class=\"wp-image-1207\" srcset=\"https:\/\/www.alcove-lyon.com\/wp-content\/uploads\/2018\/03\/chloe-triaire-alcove-1024x688.jpg 1024w, https:\/\/www.alcove-lyon.com\/wp-content\/uploads\/2018\/03\/chloe-triaire-alcove-600x403.jpg 600w, https:\/\/www.alcove-lyon.com\/wp-content\/uploads\/2018\/03\/chloe-triaire-alcove-300x202.jpg 300w, https:\/\/www.alcove-lyon.com\/wp-content\/uploads\/2018\/03\/chloe-triaire-alcove-768x516.jpg 768w, https:\/\/www.alcove-lyon.com\/wp-content\/uploads\/2018\/03\/chloe-triaire-alcove-500x336.jpg 500w, https:\/\/www.alcove-lyon.com\/wp-content\/uploads\/2018\/03\/chloe-triaire-alcove-800x537.jpg 800w, https:\/\/www.alcove-lyon.com\/wp-content\/uploads\/2018\/03\/chloe-triaire-alcove-640x430.jpg 640w, https:\/\/www.alcove-lyon.com\/wp-content\/uploads\/2018\/03\/chloe-triaire-alcove-480x322.jpg 480w, https:\/\/www.alcove-lyon.com\/wp-content\/uploads\/2018\/03\/chloe-triaire-alcove-240x160.jpg 240w, https:\/\/www.alcove-lyon.com\/wp-content\/uploads\/2018\/03\/chloe-triaire-alcove-128x86.jpg 128w, https:\/\/www.alcove-lyon.com\/wp-content\/uploads\/2018\/03\/chloe-triaire-alcove.jpg 1188w\" sizes=\"auto, (max-width: 1024px) 100vw, 1024px\" \/><figcaption><a href=\"http:\/\/www.alcove-lyon.com\/portfolio\/chloe-triaire\/\"> <br>Chlo\u00e9 TRIAIRE<\/a> <\/figcaption><\/figure><\/li><li class=\"blocks-gallery-item\"><figure><img loading=\"lazy\" decoding=\"async\" width=\"1024\" height=\"695\" src=\"http:\/\/www.alcove-lyon.com\/wp-content\/uploads\/2018\/03\/AlcoveLyon-1024x695.jpg\" alt=\"Alcove-Lyon\" data-id=\"1301\" data-link=\"http:\/\/www.alcove-lyon.com\/portfolio\/cloe-vie\/alcovelyon\/\" class=\"wp-image-1301\" srcset=\"https:\/\/www.alcove-lyon.com\/wp-content\/uploads\/2018\/03\/AlcoveLyon-1024x695.jpg 1024w, https:\/\/www.alcove-lyon.com\/wp-content\/uploads\/2018\/03\/AlcoveLyon-600x407.jpg 600w, https:\/\/www.alcove-lyon.com\/wp-content\/uploads\/2018\/03\/AlcoveLyon-300x204.jpg 300w, https:\/\/www.alcove-lyon.com\/wp-content\/uploads\/2018\/03\/AlcoveLyon-768x521.jpg 768w, https:\/\/www.alcove-lyon.com\/wp-content\/uploads\/2018\/03\/AlcoveLyon-500x339.jpg 500w, https:\/\/www.alcove-lyon.com\/wp-content\/uploads\/2018\/03\/AlcoveLyon-1600x1086.jpg 1600w, https:\/\/www.alcove-lyon.com\/wp-content\/uploads\/2018\/03\/AlcoveLyon-1200x814.jpg 1200w, https:\/\/www.alcove-lyon.com\/wp-content\/uploads\/2018\/03\/AlcoveLyon-800x543.jpg 800w, https:\/\/www.alcove-lyon.com\/wp-content\/uploads\/2018\/03\/AlcoveLyon-640x434.jpg 640w, https:\/\/www.alcove-lyon.com\/wp-content\/uploads\/2018\/03\/AlcoveLyon-480x326.jpg 480w, https:\/\/www.alcove-lyon.com\/wp-content\/uploads\/2018\/03\/AlcoveLyon-128x87.jpg 128w\" sizes=\"auto, (max-width: 1024px) 100vw, 1024px\" \/><figcaption> <br><a href=\"http:\/\/www.alcove-lyon.com\/portfolio\/cloe-vie\/\">Clo\u00e9 VIE <\/a><\/figcaption><\/figure><\/li><li class=\"blocks-gallery-item\"><figure><img loading=\"lazy\" decoding=\"async\" width=\"1024\" height=\"761\" src=\"http:\/\/www.alcove-lyon.com\/wp-content\/uploads\/2018\/03\/galerie-alcove-pascale-oberlin-1024x761.jpg\" alt=\"\" data-id=\"1211\" data-link=\"http:\/\/www.alcove-lyon.com\/?attachment_id=1211\" class=\"wp-image-1211\" srcset=\"https:\/\/www.alcove-lyon.com\/wp-content\/uploads\/2018\/03\/galerie-alcove-pascale-oberlin-1024x761.jpg 1024w, https:\/\/www.alcove-lyon.com\/wp-content\/uploads\/2018\/03\/galerie-alcove-pascale-oberlin-600x446.jpg 600w, https:\/\/www.alcove-lyon.com\/wp-content\/uploads\/2018\/03\/galerie-alcove-pascale-oberlin-300x223.jpg 300w, https:\/\/www.alcove-lyon.com\/wp-content\/uploads\/2018\/03\/galerie-alcove-pascale-oberlin-768x571.jpg 768w, https:\/\/www.alcove-lyon.com\/wp-content\/uploads\/2018\/03\/galerie-alcove-pascale-oberlin-500x371.jpg 500w, https:\/\/www.alcove-lyon.com\/wp-content\/uploads\/2018\/03\/galerie-alcove-pascale-oberlin-1600x1189.jpg 1600w, https:\/\/www.alcove-lyon.com\/wp-content\/uploads\/2018\/03\/galerie-alcove-pascale-oberlin-1200x891.jpg 1200w, https:\/\/www.alcove-lyon.com\/wp-content\/uploads\/2018\/03\/galerie-alcove-pascale-oberlin-800x594.jpg 800w, https:\/\/www.alcove-lyon.com\/wp-content\/uploads\/2018\/03\/galerie-alcove-pascale-oberlin-640x475.jpg 640w, https:\/\/www.alcove-lyon.com\/wp-content\/uploads\/2018\/03\/galerie-alcove-pascale-oberlin-480x357.jpg 480w, https:\/\/www.alcove-lyon.com\/wp-content\/uploads\/2018\/03\/galerie-alcove-pascale-oberlin-128x95.jpg 128w\" sizes=\"auto, (max-width: 1024px) 100vw, 1024px\" \/><figcaption> <br><a href=\"http:\/\/www.alcove-lyon.com\/portfolio\/pascale-oberlin\/\">Pascale OBERLIN<\/a> <\/figcaption><\/figure><\/li><li class=\"blocks-gallery-item\"><figure><img loading=\"lazy\" decoding=\"async\" width=\"1000\" height=\"667\" src=\"http:\/\/www.alcove-lyon.com\/wp-content\/uploads\/2018\/03\/Philippe_Bouvat_street.jpg\" alt=\"galerie-alcove-lyon\" data-id=\"1238\" data-link=\"http:\/\/www.alcove-lyon.com\/portfolio\/philippe-bouvat\/philippe_bouvat_street\/\" class=\"wp-image-1238\" srcset=\"https:\/\/www.alcove-lyon.com\/wp-content\/uploads\/2018\/03\/Philippe_Bouvat_street.jpg 1000w, https:\/\/www.alcove-lyon.com\/wp-content\/uploads\/2018\/03\/Philippe_Bouvat_street-600x400.jpg 600w, https:\/\/www.alcove-lyon.com\/wp-content\/uploads\/2018\/03\/Philippe_Bouvat_street-300x200.jpg 300w, https:\/\/www.alcove-lyon.com\/wp-content\/uploads\/2018\/03\/Philippe_Bouvat_street-768x512.jpg 768w, https:\/\/www.alcove-lyon.com\/wp-content\/uploads\/2018\/03\/Philippe_Bouvat_street-500x334.jpg 500w, https:\/\/www.alcove-lyon.com\/wp-content\/uploads\/2018\/03\/Philippe_Bouvat_street-800x534.jpg 800w, https:\/\/www.alcove-lyon.com\/wp-content\/uploads\/2018\/03\/Philippe_Bouvat_street-640x427.jpg 640w, https:\/\/www.alcove-lyon.com\/wp-content\/uploads\/2018\/03\/Philippe_Bouvat_street-480x320.jpg 480w, https:\/\/www.alcove-lyon.com\/wp-content\/uploads\/2018\/03\/Philippe_Bouvat_street-240x160.jpg 240w, https:\/\/www.alcove-lyon.com\/wp-content\/uploads\/2018\/03\/Philippe_Bouvat_street-128x85.jpg 128w\" sizes=\"auto, (max-width: 1000px) 100vw, 1000px\" \/><figcaption> <br><a href=\"http:\/\/www.alcove-lyon.com\/portfolio\/philippe-bouvat\/\">Philippe BOUVAT<\/a> <\/figcaption><\/figure><\/li><\/ul>\n","protected":false},"excerpt":{"rendered":"<p>Un concours photo, une exposition \u00e0 la cl\u00e9 Pour cette premi\u00e8re \u00e9dition la galerie\/ateliers l&#8217;Alc\u00f4ve organise un concours photo 2018 \u00e0 Lyon. Le th\u00e8me imagin\u00e9 de cette ann\u00e9e est &#8221; Ville Lumi\u00e8re &#8220;. Venez exprimer votre art \u00e0 travers vos photographies artistiques afin de gagner une exposition de 10 jours dans la Galerie L&#8217;Alc\u00f4ve. Nous&hellip;<\/p>\n","protected":false},"author":1,"featured_media":0,"parent":0,"menu_order":0,"comment_status":"closed","ping_status":"closed","template":"","meta":{"_monsterinsights_skip_tracking":false,"_monsterinsights_sitenote_active":false,"_monsterinsights_sitenote_note":"","_monsterinsights_sitenote_category":0,"footnotes":""},"class_list":["post-2067","page","type-page","status-publish","hentry"],"_links":{"self":[{"href":"https:\/\/www.alcove-lyon.com\/en\/wp-json\/wp\/v2\/pages\/2067","targetHints":{"allow":["GET"]}}],"collection":[{"href":"https:\/\/www.alcove-lyon.com\/en\/wp-json\/wp\/v2\/pages"}],"about":[{"href":"https:\/\/www.alcove-lyon.com\/en\/wp-json\/wp\/v2\/types\/page"}],"author":[{"embeddable":true,"href":"https:\/\/www.alcove-lyon.com\/en\/wp-json\/wp\/v2\/users\/1"}],"replies":[{"embeddable":true,"href":"https:\/\/www.alcove-lyon.com\/en\/wp-json\/wp\/v2\/comments?post=2067"}],"version-history":[{"count":4,"href":"https:\/\/www.alcove-lyon.com\/en\/wp-json\/wp\/v2\/pages\/2067\/revisions"}],"predecessor-version":[{"id":2430,"href":"https:\/\/www.alcove-lyon.com\/en\/wp-json\/wp\/v2\/pages\/2067\/revisions\/2430"}],"wp:attachment":[{"href":"https:\/\/www.alcove-lyon.com\/en\/wp-json\/wp\/v2\/media?parent=2067"}],"curies":[{"name":"wp","href":"https:\/\/api.w.org\/{rel}","templated":true}]}}