{"id":1911,"date":"2019-03-21T19:22:10","date_gmt":"2019-03-21T18:22:10","guid":{"rendered":"http:\/\/www.alcove-lyon.com\/?page_id=1911"},"modified":"2019-07-13T17:49:27","modified_gmt":"2019-07-13T15:49:27","slug":"antoine-boureau","status":"publish","type":"page","link":"https:\/\/www.alcove-lyon.com\/en\/antoine-boureau\/","title":{"rendered":"Antoine BOUREAU &#8211; 2nd Gagnant"},"content":{"rendered":"<h3>Pr\u00e9sentation de l&#8217;artiste Antoine Boureau<\/h3>\n<p>Le photographe Antoine Boureau termine ses \u00e9tudes en BTS Audiovisuel \u00e0 Cannes en 2007. Deux ans apr\u00e8s, il parcourt le monde avec son appareil et commence son voyage de 18 mois du Moyen-Orient jusqu&#8217;en Papouasie Nouvelle Guin\u00e9e.\u00a0 C&#8217;est \u00e0 ce moment-l\u00e0 qu&#8217;il prend go\u00fbt au photo-reportage.<\/p>\n<p>Antoine Boureau est le second gagnant du concours photo 2018-2019 organis\u00e9 par <a href=\"https:\/\/www.alcove-lyon.com\/a-propos-alcove-galerie-atelier\/\">l&#8217;Alc\u00f4ve<\/a>, sous le th\u00e8me <strong><em>Intimit\u00e9<\/em><\/strong>. Ainsi, il nous d\u00e9voile son travail et ses photographies autour de ce th\u00e8me si inspirant pour son m\u00e9tier de photographe.<\/p>\n<p><span style=\"color: #000000;\"><strong>Quelques mots du photographe \u00e0 propos de son travail autour de l&#8217;Intimit\u00e9 :<\/strong><\/span><\/p>\n<p><span style=\"color: #000000;\">&#8220;<\/span><span style=\"font-size: 12.0pt; line-height: 150%; font-family: 'Times New Roman',serif; color: black;\">Dans ma d\u00e9marche photographique, je suis int\u00e9ress\u00e9 par photographier l&#8217;\u00e2me en saisissant l&#8217;instant d&#8217;abandon. Quelque soit le cadre dans lequel je photographie, je recherche cette fugacit\u00e9. Dans un premier temps, le th\u00e8me de l&#8217;intimit\u00e9 n&#8217;a pas fait \u00e9cho avec un travail en particulier qui s&#8217;inscrirait parfaitement dans cette th\u00e9matique. Cependant, les jours passant, je me suis rendu compte que l&#8217;intimit\u00e9 est la toile de fond de l&#8217;ensemble de mon travail. Si je suis photographe c&#8217;est pour pousser des portes que je n&#8217;aurais jamais pousser. Et pas seulement pour provoquer des rencontres mais surtout pour saisir ces instants d&#8217;abandon, intimit\u00e9.<\/span><span style=\"color: #000000;\">&#8220;<\/span><\/p>\n<p style=\"text-align: center;\"><a href=\"http:\/\/www.antoine-photos.com\" target=\"_blank\" rel=\"noopener noreferrer\">Antoine Boureau Site web<\/a><br \/>\n<a href=\"https:\/\/www.instagram.com\/antoineboureauphotos\/\">Compte Instagram<\/a><br \/>\n<a href=\"https:\/\/www.facebook.com\/antoineboureauphotos\/\">Page Facebook<\/a><\/p>\n<p>[envira-gallery id=&#8221;1880&#8243;]<\/p>\n","protected":false},"excerpt":{"rendered":"<p>Pr\u00e9sentation de l&#8217;artiste Antoine Boureau Le photographe Antoine Boureau termine ses \u00e9tudes en BTS Audiovisuel \u00e0 Cannes en 2007. Deux ans apr\u00e8s, il parcourt le monde avec son appareil et commence son voyage de 18 mois du Moyen-Orient jusqu&#8217;en Papouasie Nouvelle Guin\u00e9e.\u00a0 C&#8217;est \u00e0 ce moment-l\u00e0 qu&#8217;il prend go\u00fbt au photo-reportage. Antoine Boureau est le&hellip;<\/p>\n","protected":false},"author":1,"featured_media":1881,"parent":0,"menu_order":0,"comment_status":"closed","ping_status":"closed","template":"","meta":{"_monsterinsights_skip_tracking":false,"_monsterinsights_sitenote_active":false,"_monsterinsights_sitenote_note":"","_monsterinsights_sitenote_category":0,"footnotes":""},"class_list":["post-1911","page","type-page","status-publish","has-post-thumbnail","hentry"],"_links":{"self":[{"href":"https:\/\/www.alcove-lyon.com\/en\/wp-json\/wp\/v2\/pages\/1911","targetHints":{"allow":["GET"]}}],"collection":[{"href":"https:\/\/www.alcove-lyon.com\/en\/wp-json\/wp\/v2\/pages"}],"about":[{"href":"https:\/\/www.alcove-lyon.com\/en\/wp-json\/wp\/v2\/types\/page"}],"author":[{"embeddable":true,"href":"https:\/\/www.alcove-lyon.com\/en\/wp-json\/wp\/v2\/users\/1"}],"replies":[{"embeddable":true,"href":"https:\/\/www.alcove-lyon.com\/en\/wp-json\/wp\/v2\/comments?post=1911"}],"version-history":[{"count":4,"href":"https:\/\/www.alcove-lyon.com\/en\/wp-json\/wp\/v2\/pages\/1911\/revisions"}],"predecessor-version":[{"id":2427,"href":"https:\/\/www.alcove-lyon.com\/en\/wp-json\/wp\/v2\/pages\/1911\/revisions\/2427"}],"wp:featuredmedia":[{"embeddable":true,"href":"https:\/\/www.alcove-lyon.com\/en\/wp-json\/wp\/v2\/media\/1881"}],"wp:attachment":[{"href":"https:\/\/www.alcove-lyon.com\/en\/wp-json\/wp\/v2\/media?parent=1911"}],"curies":[{"name":"wp","href":"https:\/\/api.w.org\/{rel}","templated":true}]}}