{"id":1903,"date":"2019-03-21T19:18:08","date_gmt":"2019-03-21T18:18:08","guid":{"rendered":"http:\/\/www.alcove-lyon.com\/?page_id=1903"},"modified":"2019-07-13T17:57:42","modified_gmt":"2019-07-13T15:57:42","slug":"barbara_antoine-bravar","status":"publish","type":"page","link":"https:\/\/www.alcove-lyon.com\/en\/barbara_antoine-bravar\/","title":{"rendered":"Antoine BRAVAR &#8211; 1er Gagnant"},"content":{"rendered":"<h3>Pr\u00e9sentation de l&#8217;artiste Antoine Bravar<\/h3>\n<p>Antoine Bravar est le grand gagnant du concours photo 2018-2019 organis\u00e9 par<a href=\"https:\/\/www.alcove-lyon.com\/a-propos-alcove-galerie-atelier\/\"> l&#8217;Alc\u00f4ve<\/a>, sous le th\u00e8me <strong><em>Intimit\u00e9<\/em><\/strong>.<\/p>\n<p><span style=\"color: #000000;\"><strong>Quelques mots d&#8217;Antoine Bravar \u00e0 propos de son travail autour de l&#8217;Intimit\u00e9 :<\/strong><\/span><\/p>\n<p><span style=\"color: #000000;\">&#8220;<\/span>C&#8217;est d&#8217;abord une rencontre avec le mod\u00e8le De nos \u00e9changes, na\u00eet une connaissance de l&#8217;autre et r\u00e9v\u00e8le l&#8217;envie de fabriquer des images, ensemble. C&#8217;est de cette complicit\u00e9 que na\u00eet la sp\u00e9cificit\u00e9 de mon regard. L&#8217;\u0153il se rapproche, il interroge le d\u00e9tail, il cherche une atmosph\u00e8re. Guid\u00e9 par la texture des mati\u00e8res, par le grain de la peau, par la lumi\u00e8re manipul\u00e9e. Le cadrage se resserre. Une distance \u00e9merge et nous \u00e9loigne de la frontalit\u00e9 indiscr\u00e8te. Le sujet s&#8217;\u00e9chappe et l&#8217;anonymat prend le dessus Soudain une mise en sc\u00e8ne s&#8217;impose, L&#8217;exploration rapproch\u00e9e du corps devient celle d&#8217;un paysage en devenir\u2026 L&#8217;espace onirique s&#8217;installe et laisse place \u00e0 l&#8217;imaginaire, au myst\u00e8re\u2026 L&#8217;image ainsi est ouverte au spectateur.<\/p>\n<p><span style=\"font-size: 12.0pt; line-height: 150%; font-family: 'Times New Roman',serif; color: black;\">Ce voyage au c\u0153ur de l&#8217;intimit\u00e9 de cette femme n&#8217;a \u00e9t\u00e9 possible qu&#8217;apr\u00e8s de longues s\u00e9ances de travail. Le choix de ce mod\u00e8le inexp\u00e9riment\u00e9 f\u00fbt judicieux car c&#8217;est dans la simplicit\u00e9 et l&#8217;authenticit\u00e9 que se sont r\u00e9v\u00e9l\u00e9 ces clich\u00e9s intimes, profonds et personnels. L&#8217;important \u00e9tait de cr\u00e9er un environnement calme et bienveillant propice au l\u00e2ch\u00e9 prise et ainsi d\u00e9voiler l&#8217;intime.<\/span><\/p>\n<p><span style=\"font-size: 12.0pt; line-height: 150%; font-family: 'Times New Roman',serif; color: black;\">Il en ressort des images diff\u00e9rentes dans leur aspect, dans leur ambiance et dans leur personnalit\u00e9. Mettre \u00e0 jour l&#8217;intimit\u00e9, sans artifice aide \u00e0 la justesse du propos. <\/span><\/p>\n<p style=\"margin: 0cm; margin-bottom: .0001pt; text-align: justify; line-height: 150%;\"><span style=\"font-size: 12.0pt; line-height: 150%; font-family: 'Times New Roman',serif; color: black;\">Mat\u00e9rialiser en image la douceur, la l\u00e9g\u00e8ret\u00e9 de l&#8217;instant dans une tranquillit\u00e9 palpable<\/span><span style=\"color: #000000;\">&#8220;<\/span><\/p>\n<p style=\"text-align: center;\"><a href=\"https:\/\/www.instagram.com\/antoine_bravar\/\" target=\"_blank\" rel=\"noopener noreferrer\">Instagram Antoine Bravar<\/a><\/p>\n<p>[envira-gallery id=&#8221;1870&#8243;]<\/p>\n","protected":false},"excerpt":{"rendered":"<p>Pr\u00e9sentation de l&#8217;artiste Antoine Bravar Antoine Bravar est le grand gagnant du concours photo 2018-2019 organis\u00e9 par l&#8217;Alc\u00f4ve, sous le th\u00e8me Intimit\u00e9. Quelques mots d&#8217;Antoine Bravar \u00e0 propos de son travail autour de l&#8217;Intimit\u00e9 : &#8220;C&#8217;est d&#8217;abord une rencontre avec le mod\u00e8le De nos \u00e9changes, na\u00eet une connaissance de l&#8217;autre et r\u00e9v\u00e8le l&#8217;envie de fabriquer&hellip;<\/p>\n","protected":false},"author":1,"featured_media":1876,"parent":0,"menu_order":0,"comment_status":"closed","ping_status":"closed","template":"","meta":{"_monsterinsights_skip_tracking":false,"_monsterinsights_sitenote_active":false,"_monsterinsights_sitenote_note":"","_monsterinsights_sitenote_category":0,"footnotes":""},"class_list":["post-1903","page","type-page","status-publish","has-post-thumbnail","hentry"],"_links":{"self":[{"href":"https:\/\/www.alcove-lyon.com\/en\/wp-json\/wp\/v2\/pages\/1903","targetHints":{"allow":["GET"]}}],"collection":[{"href":"https:\/\/www.alcove-lyon.com\/en\/wp-json\/wp\/v2\/pages"}],"about":[{"href":"https:\/\/www.alcove-lyon.com\/en\/wp-json\/wp\/v2\/types\/page"}],"author":[{"embeddable":true,"href":"https:\/\/www.alcove-lyon.com\/en\/wp-json\/wp\/v2\/users\/1"}],"replies":[{"embeddable":true,"href":"https:\/\/www.alcove-lyon.com\/en\/wp-json\/wp\/v2\/comments?post=1903"}],"version-history":[{"count":11,"href":"https:\/\/www.alcove-lyon.com\/en\/wp-json\/wp\/v2\/pages\/1903\/revisions"}],"predecessor-version":[{"id":2429,"href":"https:\/\/www.alcove-lyon.com\/en\/wp-json\/wp\/v2\/pages\/1903\/revisions\/2429"}],"wp:featuredmedia":[{"embeddable":true,"href":"https:\/\/www.alcove-lyon.com\/en\/wp-json\/wp\/v2\/media\/1876"}],"wp:attachment":[{"href":"https:\/\/www.alcove-lyon.com\/en\/wp-json\/wp\/v2\/media?parent=1903"}],"curies":[{"name":"wp","href":"https:\/\/api.w.org\/{rel}","templated":true}]}}