{"id":1698,"date":"2018-12-15T18:04:35","date_gmt":"2018-12-15T17:04:35","guid":{"rendered":"http:\/\/www.alcove-lyon.com\/?page_id=1698"},"modified":"2019-07-13T18:11:22","modified_gmt":"2019-07-13T16:11:22","slug":"concours-photo-2019","status":"publish","type":"page","link":"https:\/\/www.alcove-lyon.com\/en\/concours-photo-2019\/","title":{"rendered":"CONCOURS PHOTO 2019"},"content":{"rendered":"<p style=\"text-align: center;\"><figure class=\"aligncenter wp-image-1739\"><img loading=\"lazy\" decoding=\"async\" class=\"aligncenter wp-image-1739\" src=\"http:\/\/www.alcove-lyon.com\/wp-content\/uploads\/2019\/01\/Visuel-Affiche-724x1024.jpg\" alt=\"affiche concours photo galerie alc\u00f4ve\" width=\"498\" height=\"705\"><\/figure><\/p>\n<h3 style=\"text-align: center;\">Concours Photo 2\u00e8me Edition Lyon<\/h3>\n<p>Apr\u00e8s le succ\u00e8s de la premi\u00e8re \u00e9dition, la Galerie l\u2019Alc\u00f4ve d\u00e9cide de lancer un second concours photo afin de donner \u00e0 nouveau la possibilit\u00e9 aux photographes d\u2019exposer leur travail au sein de la galerie-Ateliers Lyon.<\/p>\n<p style=\"text-align: center;\">Cette ann\u00e9e, le th\u00e8me du concours photo pour l&#8217;\u00e9dition 2018-2019 est : <span style=\"color: #6aabaa;\"><em>Intimit\u00e9<\/em><\/span><\/p>\n<p style=\"text-align: center;\">Par ailleurs, tous les photographes, quel que soit leur niveau, peuvent proposer leur candidature.<\/p>\n<p style=\"text-align: center;\">N\u00e9anmoins, ne tardez pas, le concours est ouvert du <strong>16 d\u00e9cembre 2018 au 25 janvier 2019<\/strong>.<\/p>\n<h4>Les formalit\u00e9s de candidature<\/h4>\n<p style=\"text-align: left;\">Chaque participant doit envoyer \u00e0 l&#8217;adresse contact@alcove-lyon.com :<\/p>\n<p style=\"text-align: left;\">&#8211; Le nom et pr\u00e9nom, ainsi que l&#8217;adresse postale et le num\u00e9ro de t\u00e9l\u00e9phone du participant.<br>&#8211; Une s\u00e9lection de 1 \u00e0 5 photos sous format JPG ou PNG.<br>&#8211; Un court texte de 5 \u00e0 10 lignes pr\u00e9sentant sa d\u00e9marche artistique et photographique (format, mat\u00e9riel photographique utilis\u00e9 et toutes les informations pertinentes qui nous permettront de comprendre au mieux sa d\u00e9marche artistique.) Le participant devra aussi expliquer pourquoi sa photo ou s\u00e9rie de photos r\u00e9pond au th\u00e8me impos\u00e9.<br>&#8211; Un portoflio\/site internet\/page facebook\/compte instagram nous donnant un aper\u00e7u global de son travail.<\/p>\n<p style=\"text-align: center;\">Ci-dessous, le r\u00e8glement complet du concours photo 2019 est disponible en t\u00e9l\u00e9chargement:<\/p>\n<p style=\"text-align: center;\"><a href=\"http:\/\/www.alcove-lyon.com\/wp-content\/uploads\/2019\/01\/R\u00e9glement-concours-\u00e9dition-2018-20191.pdf\" target=\"_blank\" rel=\"noopener noreferrer\">R\u00e9glement concours \u00e9dition 2018-2019<\/a><\/p>\n<p style=\"text-align: center;\">Les 5 photographes laur\u00e9ats b\u00e9n\u00e9ficieront d&#8217;une galerie virtuelle sur notre site internet. Parmi ces gagnants, le premier s\u00e9lectionn\u00e9 pourra exposer \u00e0 la galerie sur une dur\u00e9e de 10 jours. De plus, le second disposera d&#8217;un corner de vente sur toute la dur\u00e9e de l&#8217;exposition.<\/p>\n<p style=\"text-align: center;\">Les artistes r\u00e9sidents seront en charge de s\u00e9lectionner 5 artistes parmi tous les participants. Les parrains de l\u2019\u00e9v\u00e9nement, <a href=\"https:\/\/www.mariebienaime.fr\/\" target=\"_blank\" rel=\"noopener noreferrer\">Marie Bienaim\u00e9<\/a>, <a href=\"https:\/\/franckolaya.fr\/\" target=\"_blank\" rel=\"noopener noreferrer\">Franck Olaya<\/a> et <a href=\"https:\/\/chloe-triaire.format.com\/\" target=\"_blank\" rel=\"noopener noreferrer\">Chlo\u00e9 Triaire<\/a> gagnante de l&#8217;ann\u00e9e 2018, en collaboration avec les artistes r\u00e9sidents, choisiront le gagnant.<\/p>\n\n\n<h4 class=\"wp-block-heading\">Les gagnants de l&#8217;\u00e9dition 2019 <\/h4>\n\n\n\n<ul class=\"wp-block-gallery columns-3 is-cropped wp-block-gallery-1 is-layout-flex wp-block-gallery-is-layout-flex\"><li class=\"blocks-gallery-item\"><figure><img loading=\"lazy\" decoding=\"async\" width=\"960\" height=\"640\" src=\"https:\/\/www.alcove-lyon.com\/wp-content\/uploads\/2019\/03\/52820202_1932414990213811_1361707870684446720_n.jpg\" alt=\"Antoine Bravar\" data-id=\"1876\" data-link=\"https:\/\/www.alcove-lyon.com\/?attachment_id=1876\" class=\"wp-image-1876\" srcset=\"https:\/\/www.alcove-lyon.com\/wp-content\/uploads\/2019\/03\/52820202_1932414990213811_1361707870684446720_n.jpg 960w, https:\/\/www.alcove-lyon.com\/wp-content\/uploads\/2019\/03\/52820202_1932414990213811_1361707870684446720_n-300x200.jpg 300w, https:\/\/www.alcove-lyon.com\/wp-content\/uploads\/2019\/03\/52820202_1932414990213811_1361707870684446720_n-768x512.jpg 768w\" sizes=\"auto, (max-width: 960px) 100vw, 960px\" \/><\/figure><\/li><li class=\"blocks-gallery-item\"><figure><img loading=\"lazy\" decoding=\"async\" width=\"1024\" height=\"676\" src=\"https:\/\/www.alcove-lyon.com\/wp-content\/uploads\/2019\/03\/2-Quelque-part-en-passant-Croatie-Entre-2002-et-2003-Photo-Manon-valentin-2000px-1024x676.jpg\" alt=\"Manon Valentin\" data-id=\"1865\" data-link=\"https:\/\/www.alcove-lyon.com\/?attachment_id=1865\" class=\"wp-image-1865\" srcset=\"https:\/\/www.alcove-lyon.com\/wp-content\/uploads\/2019\/03\/2-Quelque-part-en-passant-Croatie-Entre-2002-et-2003-Photo-Manon-valentin-2000px-1024x676.jpg 1024w, https:\/\/www.alcove-lyon.com\/wp-content\/uploads\/2019\/03\/2-Quelque-part-en-passant-Croatie-Entre-2002-et-2003-Photo-Manon-valentin-2000px-300x198.jpg 300w, https:\/\/www.alcove-lyon.com\/wp-content\/uploads\/2019\/03\/2-Quelque-part-en-passant-Croatie-Entre-2002-et-2003-Photo-Manon-valentin-2000px-768x507.jpg 768w, https:\/\/www.alcove-lyon.com\/wp-content\/uploads\/2019\/03\/2-Quelque-part-en-passant-Croatie-Entre-2002-et-2003-Photo-Manon-valentin-2000px-500x330.jpg 500w, https:\/\/www.alcove-lyon.com\/wp-content\/uploads\/2019\/03\/2-Quelque-part-en-passant-Croatie-Entre-2002-et-2003-Photo-Manon-valentin-2000px-1100x726.jpg 1100w, https:\/\/www.alcove-lyon.com\/wp-content\/uploads\/2019\/03\/2-Quelque-part-en-passant-Croatie-Entre-2002-et-2003-Photo-Manon-valentin-2000px-1600x1056.jpg 1600w, https:\/\/www.alcove-lyon.com\/wp-content\/uploads\/2019\/03\/2-Quelque-part-en-passant-Croatie-Entre-2002-et-2003-Photo-Manon-valentin-2000px-1920x1267.jpg 1920w, https:\/\/www.alcove-lyon.com\/wp-content\/uploads\/2019\/03\/2-Quelque-part-en-passant-Croatie-Entre-2002-et-2003-Photo-Manon-valentin-2000px-600x396.jpg 600w, https:\/\/www.alcove-lyon.com\/wp-content\/uploads\/2019\/03\/2-Quelque-part-en-passant-Croatie-Entre-2002-et-2003-Photo-Manon-valentin-2000px.jpg 2000w\" sizes=\"auto, (max-width: 1024px) 100vw, 1024px\" \/><figcaption>expo &#8220;point de rencontre(s)&#8230;<\/figcaption><\/figure><\/li><li class=\"blocks-gallery-item\"><figure><img loading=\"lazy\" decoding=\"async\" width=\"1024\" height=\"576\" src=\"https:\/\/www.alcove-lyon.com\/wp-content\/uploads\/2019\/03\/2.BlowintheWind.-Bishop-1-1024x576.jpeg\" alt=\"Alain Licari\" data-id=\"1887\" data-link=\"https:\/\/www.alcove-lyon.com\/?attachment_id=1887\" class=\"wp-image-1887\" srcset=\"https:\/\/www.alcove-lyon.com\/wp-content\/uploads\/2019\/03\/2.BlowintheWind.-Bishop-1-1024x576.jpeg 1024w, https:\/\/www.alcove-lyon.com\/wp-content\/uploads\/2019\/03\/2.BlowintheWind.-Bishop-1-300x169.jpeg 300w, https:\/\/www.alcove-lyon.com\/wp-content\/uploads\/2019\/03\/2.BlowintheWind.-Bishop-1-768x432.jpeg 768w, https:\/\/www.alcove-lyon.com\/wp-content\/uploads\/2019\/03\/2.BlowintheWind.-Bishop-1-1100x619.jpeg 1100w, https:\/\/www.alcove-lyon.com\/wp-content\/uploads\/2019\/03\/2.BlowintheWind.-Bishop-1.jpeg 1280w\" sizes=\"auto, (max-width: 1024px) 100vw, 1024px\" \/><figcaption>Alain Licari<\/figcaption><\/figure><\/li><li class=\"blocks-gallery-item\"><figure><img loading=\"lazy\" decoding=\"async\" width=\"720\" height=\"480\" src=\"https:\/\/www.alcove-lyon.com\/wp-content\/uploads\/2019\/03\/49676585_2354528804832475_3600435504727719936_n.jpg\" alt=\"Antoine Boureau\" data-id=\"1881\" data-link=\"https:\/\/www.alcove-lyon.com\/?attachment_id=1881\" class=\"wp-image-1881\" srcset=\"https:\/\/www.alcove-lyon.com\/wp-content\/uploads\/2019\/03\/49676585_2354528804832475_3600435504727719936_n.jpg 720w, https:\/\/www.alcove-lyon.com\/wp-content\/uploads\/2019\/03\/49676585_2354528804832475_3600435504727719936_n-300x200.jpg 300w\" sizes=\"auto, (max-width: 720px) 100vw, 720px\" \/><figcaption>Antoine Boureau<\/figcaption><\/figure><\/li><li class=\"blocks-gallery-item\"><figure><img loading=\"lazy\" decoding=\"async\" width=\"683\" height=\"1024\" src=\"https:\/\/www.alcove-lyon.com\/wp-content\/uploads\/2019\/03\/3-683x1024.jpg\" alt=\"J\u00e9r\u00e9my Tran\" data-id=\"1900\" data-link=\"https:\/\/www.alcove-lyon.com\/?attachment_id=1900\" class=\"wp-image-1900\" srcset=\"https:\/\/www.alcove-lyon.com\/wp-content\/uploads\/2019\/03\/3-683x1024.jpg 683w, https:\/\/www.alcove-lyon.com\/wp-content\/uploads\/2019\/03\/3-200x300.jpg 200w, https:\/\/www.alcove-lyon.com\/wp-content\/uploads\/2019\/03\/3-768x1152.jpg 768w, https:\/\/www.alcove-lyon.com\/wp-content\/uploads\/2019\/03\/3-1024x1536.jpg 1024w, https:\/\/www.alcove-lyon.com\/wp-content\/uploads\/2019\/03\/3-1365x2048.jpg 1365w, https:\/\/www.alcove-lyon.com\/wp-content\/uploads\/2019\/03\/3-1100x1650.jpg 1100w, https:\/\/www.alcove-lyon.com\/wp-content\/uploads\/2019\/03\/3-1600x2400.jpg 1600w, https:\/\/www.alcove-lyon.com\/wp-content\/uploads\/2019\/03\/3-1920x2880.jpg 1920w, https:\/\/www.alcove-lyon.com\/wp-content\/uploads\/2019\/03\/3-300x450.jpg 300w, https:\/\/www.alcove-lyon.com\/wp-content\/uploads\/2019\/03\/3-1800x2700.jpg 1800w, https:\/\/www.alcove-lyon.com\/wp-content\/uploads\/2019\/03\/3-scaled.jpg 1707w\" sizes=\"auto, (max-width: 683px) 100vw, 683px\" \/><\/figure><\/li><\/ul>\n","protected":false},"excerpt":{"rendered":"<p>Concours Photo 2\u00e8me Edition Lyon Apr\u00e8s le succ\u00e8s de la premi\u00e8re \u00e9dition, la Galerie l\u2019Alc\u00f4ve d\u00e9cide de lancer un second concours photo afin de donner \u00e0 nouveau la possibilit\u00e9 aux photographes d\u2019exposer leur travail au sein de la galerie-Ateliers Lyon. Cette ann\u00e9e, le th\u00e8me du concours photo pour l&#8217;\u00e9dition 2018-2019 est : Intimit\u00e9 Par ailleurs,&hellip;<\/p>\n","protected":false},"author":1,"featured_media":0,"parent":0,"menu_order":0,"comment_status":"closed","ping_status":"closed","template":"","meta":{"_monsterinsights_skip_tracking":false,"_monsterinsights_sitenote_active":false,"_monsterinsights_sitenote_note":"","_monsterinsights_sitenote_category":0,"footnotes":""},"class_list":["post-1698","page","type-page","status-publish","hentry"],"_links":{"self":[{"href":"https:\/\/www.alcove-lyon.com\/en\/wp-json\/wp\/v2\/pages\/1698","targetHints":{"allow":["GET"]}}],"collection":[{"href":"https:\/\/www.alcove-lyon.com\/en\/wp-json\/wp\/v2\/pages"}],"about":[{"href":"https:\/\/www.alcove-lyon.com\/en\/wp-json\/wp\/v2\/types\/page"}],"author":[{"embeddable":true,"href":"https:\/\/www.alcove-lyon.com\/en\/wp-json\/wp\/v2\/users\/1"}],"replies":[{"embeddable":true,"href":"https:\/\/www.alcove-lyon.com\/en\/wp-json\/wp\/v2\/comments?post=1698"}],"version-history":[{"count":21,"href":"https:\/\/www.alcove-lyon.com\/en\/wp-json\/wp\/v2\/pages\/1698\/revisions"}],"predecessor-version":[{"id":2433,"href":"https:\/\/www.alcove-lyon.com\/en\/wp-json\/wp\/v2\/pages\/1698\/revisions\/2433"}],"wp:attachment":[{"href":"https:\/\/www.alcove-lyon.com\/en\/wp-json\/wp\/v2\/media?parent=1698"}],"curies":[{"name":"wp","href":"https:\/\/api.w.org\/{rel}","templated":true}]}}